{"id":45,"date":"2022-05-12T12:52:56","date_gmt":"2022-05-12T12:52:56","guid":{"rendered":"http:\/\/sw-themes.com\/porto_dummy\/?page_id=45"},"modified":"2026-04-12T13:17:28","modified_gmt":"2026-04-12T13:17:28","slug":"over-iparcs","status":"publish","type":"page","link":"https:\/\/www.iparcs.com\/de\/over-iparcs\/","title":{"rendered":"\u00dcber iParcs"},"content":{"rendered":"<div class=\"vc_row wpb_row top-row vc_custom_1737977503408 porto-inner-container\"><div class=\"porto-wrap-container container\"><div class=\"row\"><div class=\"vc_column_container col-md-12 col-lg-6 vc_custom_1720103368599\"><div class=\"wpb_wrapper vc_column-inner\"><div class=\"porto-u-heading mb-3 m-t-sm  wpb_custom_019f285353d3f6748f1361c0a936a012\" data-hspacer=\"no_spacer\" data-halign=\"left\" style=\"text-align:left\"><div class=\"porto-u-main-heading\"><h2   style=\"color:#00a335;margin-bottom: 10px;\">Happy Together<\/h2><\/div><div class=\"porto-u-sub-heading\" style=\"color: #3e3e3e;\">\u00dcber die Genossenschaft iParcs<\/div><\/div>\r\n\t<div class=\"wpb_text_column wpb_content_element  vc_custom_1737977373255 wpb_custom_7c91d232724f73626cc933bd95b25ff0\" >\r\n\t\t<div class=\"wpb_wrapper\">\r\n\t\t\t<p>Bei iParcs steht der genossenschaftliche Gedanke im Mittelpunkt \u2013 Zusammenarbeit und gemeinsames Interesse bilden den Kern unseres Ansatzes. Happy Together ist unser Versprechen: Wir arbeiten gemeinsam an der Schaffung von Lebensumgebungen, in denen sich jeder zuhause f\u00fchlt \u2013 sei es in dauerhaften oder tempor\u00e4ren Wohnformen. In unserer Genossenschaft hat jedes Mitglied eine Stimme und tr\u00e4gt zu den gemeinsamen Zielen bei, was f\u00fcr ein starkes Engagement und geteilte Erfolge sorgt.<\/p>\n<p>Unser Fokus liegt auf der Realisierung moderner, nachhaltiger und kundenorientierter L\u00f6sungen, die die Wohnqualit\u00e4t verbessern. Wir bei iParcs glauben, dass wir durch Zusammenarbeit nicht nur physische R\u00e4ume optimieren k\u00f6nnen, sondern auch eine enge Gemeinschaft aufbauen. Happy Together ist mehr als nur ein Slogan; es ist der Kern dessen, wer wir sind und wie wir an einer Zukunft arbeiten, in der Wohlbefinden und Verbundenheit an erster Stelle stehen.<\/p>\n\r\n\t\t<\/div>\r\n\t<\/div>\r\n<\/div><\/div><div class=\"custom-gallery vc_column_container col-md-12 col-lg-6 vc_custom_1737977490148\"><div class=\"wpb_wrapper vc_column-inner\"><div class=\"porto-animation anim-img-1\"  data-appear-animation=\"zoomIn\" data-appear-animation-delay=\"100\">\r\n\t<div class=\"wpb_single_image wpb_content_element vc_align_center  vc_custom_1695036009810  mb-0 mx-auto wpb_custom_81a4f7ef9830bf958462581aa01150fb\" data-plugin-float-element data-plugin-options=\"{&quot;startPos&quot;:&quot;top&quot;,&quot;speed&quot;:&quot;9.8&quot;,&quot;transition&quot;:true,&quot;horizontal&quot;:false,&quot;transitionDuration&quot;:1000}\"><div class=\"wpb_wrapper\">\r\n\t\t\t\r\n\t\t\t<div class=\"vc_single_image-wrapper   vc_box_border_grey\"><img loading=\"lazy\" decoding=\"async\" width=\"1030\" height=\"661\" src=\"https:\/\/www.iparcs.com\/wp-content\/uploads\/2023\/09\/2023-versie-iParcsZeijen-map-1030x661.jpg\" class=\"vc_single_image-img attachment-large\" alt=\"\" title=\"2023 versie iParcsZeijen map\" srcset=\"https:\/\/www.iparcs.com\/wp-content\/uploads\/2023\/09\/2023-versie-iParcsZeijen-map-1030x661.jpg 1030w, https:\/\/www.iparcs.com\/wp-content\/uploads\/2023\/09\/2023-versie-iParcsZeijen-map-768x493.jpg 768w, https:\/\/www.iparcs.com\/wp-content\/uploads\/2023\/09\/2023-versie-iParcsZeijen-map-640x411.jpg 640w, https:\/\/www.iparcs.com\/wp-content\/uploads\/2023\/09\/2023-versie-iParcsZeijen-map-400x257.jpg 400w, https:\/\/www.iparcs.com\/wp-content\/uploads\/2023\/09\/2023-versie-iParcsZeijen-map-367x236.jpg 367w\" sizes=\"auto, (max-width: 1030px) 100vw, 1030px\" \/><\/div>\r\n\t\t<\/div>\r\n\t<\/div>\r\n<\/div><div class=\"porto-animation anim-img-2 position-absolute top-0 start-0 w-100\"  data-appear-animation=\"zoomIn\" data-appear-animation-delay=\"300\">\r\n\t<div class=\"wpb_single_image wpb_content_element vc_align_center   mb-0 wpb_custom_81a4f7ef9830bf958462581aa01150fb\" data-plugin-float-element data-plugin-options=\"{&quot;startPos&quot;:&quot;top&quot;,&quot;speed&quot;:&quot;9.7&quot;,&quot;transition&quot;:true,&quot;horizontal&quot;:false,&quot;transitionDuration&quot;:1000}\"><div class=\"wpb_wrapper\">\r\n\t\t\t\r\n\t\t\t<div class=\"vc_single_image-wrapper   vc_box_border_grey\"><img loading=\"lazy\" decoding=\"async\" width=\"2560\" height=\"1449\" src=\"https:\/\/www.iparcs.com\/wp-content\/uploads\/2021\/11\/Zeijen-impressie-1-2-3-scaled.jpg\" class=\"vc_single_image-img attachment-full\" alt=\"\" title=\"Zeijen impressie 1 2 3\" srcset=\"https:\/\/www.iparcs.com\/wp-content\/uploads\/2021\/11\/Zeijen-impressie-1-2-3-scaled.jpg 2560w, https:\/\/www.iparcs.com\/wp-content\/uploads\/2021\/11\/Zeijen-impressie-1-2-3-1030x583.jpg 1030w, https:\/\/www.iparcs.com\/wp-content\/uploads\/2021\/11\/Zeijen-impressie-1-2-3-768x435.jpg 768w, https:\/\/www.iparcs.com\/wp-content\/uploads\/2021\/11\/Zeijen-impressie-1-2-3-1536x869.jpg 1536w, https:\/\/www.iparcs.com\/wp-content\/uploads\/2021\/11\/Zeijen-impressie-1-2-3-2048x1159.jpg 2048w, https:\/\/www.iparcs.com\/wp-content\/uploads\/2021\/11\/Zeijen-impressie-1-2-3-1500x849.jpg 1500w, https:\/\/www.iparcs.com\/wp-content\/uploads\/2021\/11\/Zeijen-impressie-1-2-3-705x399.jpg 705w\" sizes=\"auto, (max-width: 2560px) 100vw, 2560px\" \/><\/div>\r\n\t\t<\/div>\r\n\t<\/div>\r\n<\/div><div class=\"porto-animation anim-img-3 position-absolute top-0 end-0\"  data-appear-animation=\"zoomIn\" data-appear-animation-delay=\"600\">\r\n\t<div class=\"wpb_single_image wpb_content_element vc_align_center   mb-0 ml-auto wpb_custom_81a4f7ef9830bf958462581aa01150fb\" data-plugin-float-element data-plugin-options=\"{&quot;startPos&quot;:&quot;top&quot;,&quot;speed&quot;:&quot;9.6&quot;,&quot;transition&quot;:true,&quot;horizontal&quot;:false,&quot;transitionDuration&quot;:1000}\"><div class=\"wpb_wrapper\">\r\n\t\t\t\r\n\t\t\t<div class=\"vc_single_image-wrapper   vc_box_border_grey\"><img loading=\"lazy\" decoding=\"async\" width=\"1034\" height=\"778\" src=\"https:\/\/www.iparcs.com\/wp-content\/uploads\/2023\/05\/ecolodge-iparcs.jpg\" class=\"vc_single_image-img attachment-full\" alt=\"\" title=\"ecolodge-iparcs\" srcset=\"https:\/\/www.iparcs.com\/wp-content\/uploads\/2023\/05\/ecolodge-iparcs.jpg 1034w, https:\/\/www.iparcs.com\/wp-content\/uploads\/2023\/05\/ecolodge-iparcs-1030x775.jpg 1030w, https:\/\/www.iparcs.com\/wp-content\/uploads\/2023\/05\/ecolodge-iparcs-768x578.jpg 768w, https:\/\/www.iparcs.com\/wp-content\/uploads\/2023\/05\/ecolodge-iparcs-463x348.jpg 463w, https:\/\/www.iparcs.com\/wp-content\/uploads\/2023\/05\/ecolodge-iparcs-640x482.jpg 640w, https:\/\/www.iparcs.com\/wp-content\/uploads\/2023\/05\/ecolodge-iparcs-400x300.jpg 400w, https:\/\/www.iparcs.com\/wp-content\/uploads\/2023\/05\/ecolodge-iparcs-367x276.jpg 367w\" sizes=\"auto, (max-width: 1034px) 100vw, 1034px\" \/><\/div>\r\n\t\t<\/div>\r\n\t<\/div>\r\n<\/div><\/div><\/div><\/div><\/div><\/div><div class=\"vc_row wpb_row top-row vc_custom_1720104803941 vc_row-has-fill porto-inner-container\"><div class=\"porto-wrap-container container\"><div class=\"row align-items-center\"><div class=\"vc_column_container col-md-4-5\"><div class=\"wpb_wrapper vc_column-inner\"><div class=\"porto-u-heading  wpb_custom_535cd9209ec8aeabfbaab0b72fdb6c47\" data-hspacer=\"no_spacer\" data-halign=\"left\" style=\"text-align:left\"><div class=\"porto-u-sub-heading\" style=\"color: #3e3e3e;\">Onze parcs<\/div><\/div>\r\n\t<div class=\"wpb_text_column wpb_content_element  vc_custom_1775998237730 wpb_custom_7c91d232724f73626cc933bd95b25ff0\" >\r\n\t\t<div class=\"wpb_wrapper\">\r\n\t\t\t<p>De verschillende parcs van iParcs zijn ontworpen om mens en natuur in balans te brengen, met een sterke focus op duurzaamheid en innovatie. Of het nu gaat om wonen, recreatie of energievoorziening, elk park biedt een unieke bijdrage aan een groenere wereld. iParcs biedt in de basis verschillende parktypen aan, maar is altijd open voor maatwerkoplossingen die aansluiten bij specifieke behoeften en wensen.<\/p>\n\r\n\t\t<\/div>\r\n\t<\/div>\r\n<\/div><\/div><div class=\"vc_column_container col-md-1-5\"><div class=\"wpb_wrapper vc_column-inner\"><\/div><\/div><\/div><\/div><\/div><div class=\"vc_row wpb_row top-row vc_custom_1737978218563 vc_row-has-fill porto-inner-container\"><div class=\"porto-wrap-container container\"><div class=\"row align-items-center\"><div class=\"vc_column_container col-md-12 vc_custom_1720104749369\"><div class=\"wpb_wrapper vc_column-inner\"><div class=\"porto-separator\"><hr class=\"separator-line  align_center\" style=\"background-image: -webkit-linear-gradient(left, transparent, #eaeaea, transparent); background-image: linear-gradient(to right, transparent, #eaeaea, transparent);\"><\/div><\/div><\/div><\/div><\/div><\/div><div class=\"vc_row wpb_row top-row vc_custom_1738140816341 vc_row-has-fill porto-inner-container\"><div class=\"porto-wrap-container container\"><div class=\"row align-items-center vc_column-gap-35\"><div class=\"vc_column_container col-md-3-5\"><div class=\"wpb_wrapper vc_column-inner\"><div class=\"porto-u-heading  wpb_custom_535cd9209ec8aeabfbaab0b72fdb6c47\" data-hspacer=\"no_spacer\" data-halign=\"left\" style=\"text-align:left\"><div class=\"porto-u-sub-heading\" style=\"color: #3e3e3e;\">Woonparcs<\/div><\/div>\r\n\t<div class=\"wpb_text_column wpb_content_element  vc_custom_1775999699892 wpb_custom_7c91d232724f73626cc933bd95b25ff0\" >\r\n\t\t<div class=\"wpb_wrapper\">\r\n\t\t\t<p>De Woonparcs van iParcs combineren moderne woningen met een groene en natuurrijke omgeving. Door aandacht voor biodiversiteit, energieneutrale bouw en een sterke gemeenschapsstructuur bieden deze parken een toekomstgerichte woonervaring.<\/p>\n\r\n\t\t<\/div>\r\n\t<\/div>\r\n<div class=\"vc_btn3-container  custom-btn vc_btn3-inline vc_custom_1737978148410\" >\r\n\t<a class=\"vc_btn3 vc_btn3-shape-default wpb_custom_6687b26f39488ddbb85ddb3c1ce8e111 btn btn-md btn-primary\" style=\"font-size:12.8px; font-weight:700; padding:15px 47px;\" href=\"https:\/\/www.iparcs.com\/de\/woonparken\/\" title=\"iParcs Woonparken\">Mehr Informationen<\/a>\t<\/div>\r\n<\/div><\/div><div class=\"vc_column_container col-md-2-5\"><div class=\"wpb_wrapper vc_column-inner\">\r\n\t<div class=\"wpb_single_image wpb_content_element vc_align_left  wpb_custom_81a4f7ef9830bf958462581aa01150fb\"><div class=\"wpb_wrapper\">\r\n\t\t\t\r\n\t\t\t<div class=\"vc_single_image-wrapper   vc_box_border_grey\"><img loading=\"lazy\" decoding=\"async\" width=\"1460\" height=\"968\" src=\"https:\/\/www.iparcs.com\/wp-content\/uploads\/2025\/01\/iParcs-woonpark.jpg\" class=\"vc_single_image-img attachment-full\" alt=\"\" title=\"iParcs-woonpark\" srcset=\"https:\/\/www.iparcs.com\/wp-content\/uploads\/2025\/01\/iParcs-woonpark.jpg 1460w, https:\/\/www.iparcs.com\/wp-content\/uploads\/2025\/01\/iParcs-woonpark-1030x683.jpg 1030w, https:\/\/www.iparcs.com\/wp-content\/uploads\/2025\/01\/iParcs-woonpark-768x509.jpg 768w, https:\/\/www.iparcs.com\/wp-content\/uploads\/2025\/01\/iParcs-woonpark-640x424.jpg 640w, https:\/\/www.iparcs.com\/wp-content\/uploads\/2025\/01\/iParcs-woonpark-400x265.jpg 400w, https:\/\/www.iparcs.com\/wp-content\/uploads\/2025\/01\/iParcs-woonpark-367x243.jpg 367w\" sizes=\"auto, (max-width: 1460px) 100vw, 1460px\" \/><\/div>\r\n\t\t<\/div>\r\n\t<\/div>\r\n<\/div><\/div><\/div><\/div><\/div><div class=\"vc_row wpb_row top-row vc_custom_1737978218563 vc_row-has-fill porto-inner-container\"><div class=\"porto-wrap-container container\"><div class=\"row align-items-center\"><div class=\"vc_column_container col-md-12 vc_custom_1720104749369\"><div class=\"wpb_wrapper vc_column-inner\"><div class=\"porto-separator\"><hr class=\"separator-line  align_center\" style=\"background-image: -webkit-linear-gradient(left, transparent, #eaeaea, transparent); background-image: linear-gradient(to right, transparent, #eaeaea, transparent);\"><\/div><\/div><\/div><\/div><\/div><\/div><div class=\"vc_row wpb_row top-row vc_custom_1738140770156 vc_row-has-fill porto-inner-container\"><div class=\"porto-wrap-container container\"><div class=\"row align-items-center vc_column-gap-35\"><div class=\"vc_column_container col-md-3-5 vc_custom_1720104749369\"><div class=\"wpb_wrapper vc_column-inner\"><div class=\"porto-u-heading  wpb_custom_535cd9209ec8aeabfbaab0b72fdb6c47\" data-hspacer=\"no_spacer\" data-halign=\"left\" style=\"text-align:left\"><div class=\"porto-u-sub-heading\" style=\"color: #3e3e3e;\">Vakantieparcs<\/div><\/div>\r\n\t<div class=\"wpb_text_column wpb_content_element  vc_custom_1775999728598 wpb_custom_7c91d232724f73626cc933bd95b25ff0\" >\r\n\t\t<div class=\"wpb_wrapper\">\r\n\t\t\t<p>De Vakantieparcs van iParcs bieden de perfecte balans tussen ontspanning, comfort en duurzaamheid. Met een focus op energiezuinige accommodaties als lodges en bungalows en het behoud van de natuurlijke omgeving cre\u00ebren deze parken een verantwoorde vakantiebestemming.<\/p>\n\r\n\t\t<\/div>\r\n\t<\/div>\r\n<div class=\"vc_btn3-container  custom-btn vc_btn3-inline vc_custom_1737981779584\" >\r\n\t<a class=\"vc_btn3 vc_btn3-shape-default wpb_custom_6687b26f39488ddbb85ddb3c1ce8e111 btn btn-md btn-primary\" style=\"font-size:12.8px; font-weight:700; padding:15px 47px;\" href=\"https:\/\/www.iparcs.com\/de\/recreatieparken\/\" title=\"iParcs Recreatieparken\">Mehr Informationen<\/a>\t<\/div>\r\n<\/div><\/div><div class=\"vc_column_container col-md-2-5\"><div class=\"wpb_wrapper vc_column-inner\">\r\n\t<div class=\"wpb_single_image wpb_content_element vc_align_left  wpb_custom_81a4f7ef9830bf958462581aa01150fb\"><div class=\"wpb_wrapper\">\r\n\t\t\t\r\n\t\t\t<div class=\"vc_single_image-wrapper   vc_box_border_grey\"><img loading=\"lazy\" decoding=\"async\" width=\"1460\" height=\"968\" src=\"https:\/\/www.iparcs.com\/wp-content\/uploads\/2025\/01\/iparcs-recreatieparken.jpg\" class=\"vc_single_image-img attachment-full\" alt=\"\" title=\"iparcs-recreatieparken\" srcset=\"https:\/\/www.iparcs.com\/wp-content\/uploads\/2025\/01\/iparcs-recreatieparken.jpg 1460w, https:\/\/www.iparcs.com\/wp-content\/uploads\/2025\/01\/iparcs-recreatieparken-1030x683.jpg 1030w, https:\/\/www.iparcs.com\/wp-content\/uploads\/2025\/01\/iparcs-recreatieparken-768x509.jpg 768w, https:\/\/www.iparcs.com\/wp-content\/uploads\/2025\/01\/iparcs-recreatieparken-640x424.jpg 640w, https:\/\/www.iparcs.com\/wp-content\/uploads\/2025\/01\/iparcs-recreatieparken-400x265.jpg 400w, https:\/\/www.iparcs.com\/wp-content\/uploads\/2025\/01\/iparcs-recreatieparken-367x243.jpg 367w\" sizes=\"auto, (max-width: 1460px) 100vw, 1460px\" \/><\/div>\r\n\t\t<\/div>\r\n\t<\/div>\r\n<\/div><\/div><\/div><\/div><\/div><div class=\"vc_row wpb_row top-row vc_custom_1772535778061 vc_row-has-fill porto-inner-container\"><div class=\"porto-wrap-container container\"><div class=\"row align-items-center\"><div class=\"vc_column_container col-md-12 vc_custom_1720104749369\"><div class=\"wpb_wrapper vc_column-inner\"><div class=\"porto-separator\"><hr class=\"separator-line  align_center\" style=\"background-image: -webkit-linear-gradient(left, transparent, #eaeaea, transparent); background-image: linear-gradient(to right, transparent, #eaeaea, transparent);\"><\/div><\/div><\/div><\/div><\/div><\/div><div class=\"vc_row wpb_row top-row vc_custom_1772535770055 vc_row-has-fill porto-inner-container\"><div class=\"porto-wrap-container container\"><div class=\"row align-items-center vc_column-gap-35\"><div class=\"vc_column_container col-md-3-5 vc_custom_1720104749369\"><div class=\"wpb_wrapper vc_column-inner\"><div class=\"porto-u-heading  wpb_custom_535cd9209ec8aeabfbaab0b72fdb6c47\" data-hspacer=\"no_spacer\" data-halign=\"left\" style=\"text-align:left\"><div class=\"porto-u-sub-heading\" style=\"color: #3e3e3e;\">Boerderijparcs<\/div><\/div>\r\n\t<div class=\"wpb_text_column wpb_content_element  vc_custom_1775999744266 wpb_custom_7c91d232724f73626cc933bd95b25ff0\" >\r\n\t\t<div class=\"wpb_wrapper\">\r\n\t\t\t<p>Met iParcs Boerderijparc cre\u00ebren en transformeren we bestaande en nieuwe boerderijen waar het karakter van de boerderij, natuur en hedendaags ondernemen en het wooncomfort samenkomen.<\/p>\n\r\n\t\t<\/div>\r\n\t<\/div>\r\n<div class=\"vc_btn3-container  custom-btn vc_btn3-inline vc_custom_1772535881579\" >\r\n\t<a class=\"vc_btn3 vc_btn3-shape-default wpb_custom_6687b26f39488ddbb85ddb3c1ce8e111 btn btn-md btn-primary\" style=\"font-size:12.8px; font-weight:700; padding:15px 47px;\" href=\"https:\/\/www.iparcs.com\/de\/boerderijparken\/\" title=\"iParcs Boerderijpark\">Mehr Informationen<\/a>\t<\/div>\r\n<\/div><\/div><div class=\"vc_column_container col-md-2-5\"><div class=\"wpb_wrapper vc_column-inner\">\r\n\t<div class=\"wpb_single_image wpb_content_element vc_align_left  wpb_custom_81a4f7ef9830bf958462581aa01150fb\"><div class=\"wpb_wrapper\">\r\n\t\t\t\r\n\t\t\t<div class=\"vc_single_image-wrapper   vc_box_border_grey\"><img loading=\"lazy\" decoding=\"async\" width=\"1854\" height=\"1190\" src=\"https:\/\/www.iparcs.com\/wp-content\/uploads\/2025\/05\/startersboerderij-iparcs.jpg\" class=\"vc_single_image-img attachment-full\" alt=\"\" title=\"startersboerderij-iparcs\" srcset=\"https:\/\/www.iparcs.com\/wp-content\/uploads\/2025\/05\/startersboerderij-iparcs.jpg 1854w, https:\/\/www.iparcs.com\/wp-content\/uploads\/2025\/05\/startersboerderij-iparcs-1030x661.jpg 1030w, https:\/\/www.iparcs.com\/wp-content\/uploads\/2025\/05\/startersboerderij-iparcs-768x493.jpg 768w, https:\/\/www.iparcs.com\/wp-content\/uploads\/2025\/05\/startersboerderij-iparcs-1536x986.jpg 1536w, https:\/\/www.iparcs.com\/wp-content\/uploads\/2025\/05\/startersboerderij-iparcs-640x411.jpg 640w, https:\/\/www.iparcs.com\/wp-content\/uploads\/2025\/05\/startersboerderij-iparcs-400x257.jpg 400w, https:\/\/www.iparcs.com\/wp-content\/uploads\/2025\/05\/startersboerderij-iparcs-367x236.jpg 367w\" sizes=\"auto, (max-width: 1854px) 100vw, 1854px\" \/><\/div>\r\n\t\t<\/div>\r\n\t<\/div>\r\n<\/div><\/div><\/div><\/div><\/div><div class=\"vc_row wpb_row top-row vc_custom_1722945904877 porto-inner-container\"><div class=\"porto-wrap-container container\"><div class=\"row align-items-center\"><div class=\"vc_column_container col-md-4-5\"><div class=\"wpb_wrapper vc_column-inner\"><div class=\"porto-u-heading  wpb_custom_535cd9209ec8aeabfbaab0b72fdb6c47\" data-hspacer=\"no_spacer\" data-halign=\"left\" style=\"text-align:left\"><div class=\"porto-u-sub-heading\" style=\"color: #3e3e3e;\">Unsere Partner<\/div><\/div>\r\n\t<div class=\"wpb_text_column wpb_content_element  vc_custom_1737978028296 wpb_custom_7c91d232724f73626cc933bd95b25ff0\" >\r\n\t\t<div class=\"wpb_wrapper\">\r\n\t\t\t<p>Bei iParcs glauben wir fest an die Kraft der Zusammenarbeit. Ob es um die Realisierung eines neuen Projekts, die Verwaltung bestehender Wohnungen oder die Entwicklung innovativer L\u00f6sungen geht \u2013 Kooperation steht stets im Mittelpunkt unseres Ansatzes. Wir arbeiten eng mit einer Vielzahl von Partnern zusammen, von Architekten und Bauunternehmen bis hin zu lokalen Gemeinschaften und Beh\u00f6rden, um die bestm\u00f6glichen Ergebnisse zu erzielen.<\/p>\n<p>Unsere genossenschaftliche Struktur stellt sicher, dass alle Beteiligten eine Stimme im Prozess haben. Durch die B\u00fcndelung von Wissen und Ressourcen k\u00f6nnen wir nicht nur effizienter arbeiten, sondern auch die Qualit\u00e4t und Nachhaltigkeit unserer Projekte steigern. Gemeinsam streben wir danach, Lebensumgebungen zu schaffen, die nicht nur funktional und \u00e4sthetisch sind, sondern auch zum Wohlbefinden der Bewohner beitragen.<\/p>\n<p>Sind Sie ebenfalls daran interessiert, Partner zu werden und iParcs zu verst\u00e4rken? Dann bitten wir Sie, mit uns <a href=\"https:\/\/www.iparcs.com\/de\/contact\/\">kontakt<\/a> aufzunehmen.<\/p>\n\r\n\t\t<\/div>\r\n\t<\/div>\r\n<\/div><\/div><div class=\"vc_column_container col-md-1-5\"><div class=\"wpb_wrapper vc_column-inner\"><\/div><\/div><\/div><\/div><\/div><div class=\"vc_row wpb_row top-row vc_custom_1771587152987 vc_row-o-equal-height vc_row-flex porto-inner-container\"><div class=\"porto-wrap-container container\"><div class=\"row align-items-center vc_column-gap-35\"><div class=\"vc_column_container col-md-1-5\"><div class=\"wpb_wrapper vc_column-inner\">\r\n\t<div class=\"wpb_single_image wpb_content_element vc_align_left  vc_custom_1775999843107 wpb_custom_81a4f7ef9830bf958462581aa01150fb\"><div class=\"wpb_wrapper\">\r\n\t\t\t\r\n\t\t\t<div class=\"vc_single_image-wrapper   vc_box_border_grey\"><img loading=\"lazy\" decoding=\"async\" width=\"1600\" height=\"629\" src=\"https:\/\/www.iparcs.com\/wp-content\/uploads\/2026\/02\/f1f1cd8c-1c54-4eca-81ed-48f2c9d765bd.jpg\" class=\"vc_single_image-img attachment-full\" alt=\"\" title=\"f1f1cd8c-1c54-4eca-81ed-48f2c9d765bd\" srcset=\"https:\/\/www.iparcs.com\/wp-content\/uploads\/2026\/02\/f1f1cd8c-1c54-4eca-81ed-48f2c9d765bd.jpg 1600w, https:\/\/www.iparcs.com\/wp-content\/uploads\/2026\/02\/f1f1cd8c-1c54-4eca-81ed-48f2c9d765bd-1030x405.jpg 1030w, https:\/\/www.iparcs.com\/wp-content\/uploads\/2026\/02\/f1f1cd8c-1c54-4eca-81ed-48f2c9d765bd-768x302.jpg 768w, https:\/\/www.iparcs.com\/wp-content\/uploads\/2026\/02\/f1f1cd8c-1c54-4eca-81ed-48f2c9d765bd-1536x604.jpg 1536w, https:\/\/www.iparcs.com\/wp-content\/uploads\/2026\/02\/f1f1cd8c-1c54-4eca-81ed-48f2c9d765bd-640x252.jpg 640w, https:\/\/www.iparcs.com\/wp-content\/uploads\/2026\/02\/f1f1cd8c-1c54-4eca-81ed-48f2c9d765bd-400x157.jpg 400w, https:\/\/www.iparcs.com\/wp-content\/uploads\/2026\/02\/f1f1cd8c-1c54-4eca-81ed-48f2c9d765bd-367x144.jpg 367w\" sizes=\"auto, (max-width: 1600px) 100vw, 1600px\" \/><\/div>\r\n\t\t<\/div>\r\n\t<\/div>\r\n<\/div><\/div><div class=\"vc_column_container col-md-1-5\"><div class=\"wpb_wrapper vc_column-inner\">\r\n\t<div class=\"wpb_single_image wpb_content_element vc_align_left  wpb_custom_81a4f7ef9830bf958462581aa01150fb\"><div class=\"wpb_wrapper\">\r\n\t\t\t\r\n\t\t\t<div class=\"vc_single_image-wrapper   vc_box_border_grey\"><img loading=\"lazy\" decoding=\"async\" width=\"858\" height=\"330\" src=\"https:\/\/www.iparcs.com\/wp-content\/uploads\/2025\/05\/omgevingshuis-partner.jpg\" class=\"vc_single_image-img attachment-full\" alt=\"\" title=\"omgevingshuis-partner\" srcset=\"https:\/\/www.iparcs.com\/wp-content\/uploads\/2025\/05\/omgevingshuis-partner.jpg 858w, https:\/\/www.iparcs.com\/wp-content\/uploads\/2025\/05\/omgevingshuis-partner-768x295.jpg 768w, https:\/\/www.iparcs.com\/wp-content\/uploads\/2025\/05\/omgevingshuis-partner-640x246.jpg 640w, https:\/\/www.iparcs.com\/wp-content\/uploads\/2025\/05\/omgevingshuis-partner-400x154.jpg 400w, https:\/\/www.iparcs.com\/wp-content\/uploads\/2025\/05\/omgevingshuis-partner-367x141.jpg 367w\" sizes=\"auto, (max-width: 858px) 100vw, 858px\" \/><\/div>\r\n\t\t<\/div>\r\n\t<\/div>\r\n<\/div><\/div><div class=\"vc_column_container col-md-1-5\"><div class=\"wpb_wrapper vc_column-inner\">\r\n\t<div class=\"wpb_single_image wpb_content_element vc_align_left  vc_custom_1771586741653 wpb_custom_81a4f7ef9830bf958462581aa01150fb\"><div class=\"wpb_wrapper\">\r\n\t\t\t\r\n\t\t\t<div class=\"vc_single_image-wrapper   vc_box_border_grey\"><img loading=\"lazy\" decoding=\"async\" width=\"768\" height=\"225\" src=\"https:\/\/www.iparcs.com\/wp-content\/uploads\/2026\/02\/Roenom_logo_shade_zwart-768x225-1.jpg\" class=\"vc_single_image-img attachment-full\" alt=\"\" title=\"Roenom_logo_shade_zwart-768x225\" srcset=\"https:\/\/www.iparcs.com\/wp-content\/uploads\/2026\/02\/Roenom_logo_shade_zwart-768x225-1.jpg 768w, https:\/\/www.iparcs.com\/wp-content\/uploads\/2026\/02\/Roenom_logo_shade_zwart-768x225-1-640x188.jpg 640w, https:\/\/www.iparcs.com\/wp-content\/uploads\/2026\/02\/Roenom_logo_shade_zwart-768x225-1-400x117.jpg 400w, https:\/\/www.iparcs.com\/wp-content\/uploads\/2026\/02\/Roenom_logo_shade_zwart-768x225-1-367x108.jpg 367w\" sizes=\"auto, (max-width: 768px) 100vw, 768px\" \/><\/div>\r\n\t\t<\/div>\r\n\t<\/div>\r\n<\/div><\/div><div class=\"vc_column_container col-md-1-5\"><div class=\"wpb_wrapper vc_column-inner\"><div class=\"vc_empty_space\"   style=\"height: 32px\"><span class=\"vc_empty_space_inner\"><\/span><\/div><\/div><\/div><div class=\"vc_column_container col-md-1-5\"><div class=\"wpb_wrapper vc_column-inner\"><div class=\"vc_empty_space\"   style=\"height: 32px\"><span class=\"vc_empty_space_inner\"><\/span><\/div><\/div><\/div><\/div><\/div><\/div>","protected":false},"excerpt":{"rendered":"Happy TogetherOver de co\u00f6peratie iParcs Bij iParcs staat de co\u00f6peratieve gedachte centraal, waar samenwerking en gemeenschappelijk belang de kern vormen van onze aanpak. Happy Together is onze belofte: we werken samen aan het cre\u00ebren van leefomgevingen waar iedereen zich thuis voelt, of het nu gaat om permanente of tijdelijke huisvesting. In onze co\u00f6peratie heeft elk [...]","protected":false},"author":3,"featured_media":0,"parent":0,"menu_order":0,"comment_status":"closed","ping_status":"closed","template":"","meta":{"footnotes":""},"class_list":["post-45","page","type-page","status-publish","hentry"],"_links":{"self":[{"href":"https:\/\/www.iparcs.com\/de\/wp-json\/wp\/v2\/pages\/45","targetHints":{"allow":["GET"]}}],"collection":[{"href":"https:\/\/www.iparcs.com\/de\/wp-json\/wp\/v2\/pages"}],"about":[{"href":"https:\/\/www.iparcs.com\/de\/wp-json\/wp\/v2\/types\/page"}],"author":[{"embeddable":true,"href":"https:\/\/www.iparcs.com\/de\/wp-json\/wp\/v2\/users\/3"}],"replies":[{"embeddable":true,"href":"https:\/\/www.iparcs.com\/de\/wp-json\/wp\/v2\/comments?post=45"}],"version-history":[{"count":207,"href":"https:\/\/www.iparcs.com\/de\/wp-json\/wp\/v2\/pages\/45\/revisions"}],"predecessor-version":[{"id":6439,"href":"https:\/\/www.iparcs.com\/de\/wp-json\/wp\/v2\/pages\/45\/revisions\/6439"}],"wp:attachment":[{"href":"https:\/\/www.iparcs.com\/de\/wp-json\/wp\/v2\/media?parent=45"}],"curies":[{"name":"wp","href":"https:\/\/api.w.org\/{rel}","templated":true}]}}