{"id":3696,"date":"2024-07-26T08:02:32","date_gmt":"2024-07-26T08:02:32","guid":{"rendered":"https:\/\/www.iparcs.com\/?page_id=3696"},"modified":"2026-03-04T17:21:27","modified_gmt":"2026-03-04T17:21:27","slug":"diensten","status":"publish","type":"page","link":"https:\/\/www.iparcs.com\/de\/diensten\/","title":{"rendered":"Dienstleistungen"},"content":{"rendered":"<div class=\"vc_row wpb_row top-row vc_custom_1737977059905 porto-inner-container\"><div class=\"porto-wrap-container container\"><div class=\"row align-items-center\"><div class=\"vc_column_container col-md-8\"><div class=\"wpb_wrapper vc_column-inner\"><div class=\"porto-u-heading  wpb_custom_535cd9209ec8aeabfbaab0b72fdb6c47\" data-hspacer=\"no_spacer\" data-halign=\"left\" style=\"text-align:left\"><div class=\"porto-u-main-heading\"><h2   style=\"color:#00a335;margin-bottom: 11px;\">\u00dcber unsere Dienstleistungen<\/h2><\/div><div class=\"porto-u-sub-heading\" style=\"color: #3e3e3e;\">Was iParcs bieten kann<\/div><\/div>\r\n\t<div class=\"wpb_text_column wpb_content_element  vc_custom_1737977045847 wpb_custom_7c91d232724f73626cc933bd95b25ff0\" >\r\n\t\t<div class=\"wpb_wrapper\">\r\n\t\t\t<p>iParcs bietet ein breites Spektrum an Dienstleistungen, die vollst\u00e4ndig auf die Bed\u00fcrfnisse von Eigent\u00fcmern und Bewohnern im Wohnungssektor abgestimmt sind. Unser kundenorientierter Ansatz und unsere innovativen L\u00f6sungen machen uns zum idealen Partner f\u00fcr die Verwaltung und Vermietung sowohl von dauerhaftem als auch von tempor\u00e4rem Wohnraum. Was uns einzigartig macht, ist unser integrierter Ansatz aus einer zentralen Organisation heraus, der f\u00fcr effizienten und nahtlosen Service sorgt. Unten finden Sie eine \u00dcbersicht unserer Dienstleistungen.<\/p>\n\r\n\t\t<\/div>\r\n\t<\/div>\r\n<\/div><\/div><div class=\"vc_column_container col-md-4\"><div class=\"wpb_wrapper vc_column-inner\"><\/div><\/div><\/div><\/div><\/div><div id=\"ontwikkelen\" class=\"vc_row wpb_row top-row vc_custom_1723542536587 vc_row-has-fill porto-inner-container\"><div class=\"porto-wrap-container container\"><div class=\"row\"><div class=\"vc_column_container col-md-12\"><div class=\"wpb_wrapper vc_column-inner\"><\/div><\/div><\/div><\/div><\/div><div class=\"vc_row wpb_row top-row vc_custom_1770722892004 vc_row-has-fill porto-inner-container\"><div class=\"porto-wrap-container container\"><div class=\"row\"><div class=\"vc_column_container col-md-9\"><div class=\"wpb_wrapper vc_column-inner\"><div class=\"vc_row wpb_row vc_inner row\"><div class=\"vc_column_container col-md-12\"><div class=\"wpb_wrapper vc_column-inner\"><div class=\"porto-u-heading  wpb_custom_535cd9209ec8aeabfbaab0b72fdb6c47\" data-hspacer=\"no_spacer\" data-halign=\"left\" style=\"text-align:left\"><div class=\"porto-u-sub-heading\" style=\"color: #3e3e3e;\">Entwicklung<\/div><\/div>\r\n\t<div class=\"wpb_text_column wpb_content_element  vc_custom_1772644878395 wpb_custom_7c91d232724f73626cc933bd95b25ff0\" >\r\n\t\t<div class=\"wpb_wrapper\">\r\n\t\t\t<p>Bij iParcs draait alles om het realiseren van de visie. Ons team begeleidt het project van concept tot realisatie, of het nu gaat om gebiedsontwikkeling, transformatie projecten, nieuwbouw, renovaties of herbestemmingen. Wij bieden een volledig pakket aan diensten om alles vanuit \u00e9\u00e9n bedrijfsbureau te realiseren.<\/p>\n<p>Unser Prozess beginnt mit der Formulierung eines klaren und realisierbaren Konzepts, bei dem renommierte Architekten und Designer inspirierende und funktionale Entw\u00fcrfe erstellen. Wir navigieren durch das Labyrinth von Genehmigungen und Vorschriften, mit umfassendem Wissen \u00fcber lokale und nationale Bauvorschriften, und sorgen f\u00fcr eine pr\u00e4zise Koordination und \u00dcberwachung aller Aspekte der Entwicklung.<\/p>\n<p>Unser Team arbeitet mit vertrauensw\u00fcrdigen Bauunternehmern und -firmen zusammen, um sicherzustellen, dass das Projekt wie geplant umgesetzt wird, und bleibt auch nach der Fertigstellung involviert.<\/p>\n<p>Bei iParcs stehen Qualit\u00e4t und Kundenzufriedenheit im Mittelpunkt. Wir verwalten jeden Aspekt des Entwicklungsprozesses sorgf\u00e4ltig und professionell, um die Vision Wirklichkeit werden zu lassen. F\u00fcr weitere Informationen kontaktieren Sie uns bitte.<\/p>\n\r\n\t\t<\/div>\r\n\t<\/div>\r\n<\/div><\/div><\/div><div id=\"beheer\" class=\"vc_row wpb_row vc_inner row vc_custom_1723542651645\"><div class=\"vc_column_container col-md-12\"><div class=\"wpb_wrapper vc_column-inner\"><div class=\"porto-separator\"><hr class=\"separator-line  vc_custom_1723542690077 align_center solid\" style=\"background-color:#eaeaea;\"><\/div><div class=\"porto-u-heading  wpb_custom_535cd9209ec8aeabfbaab0b72fdb6c47\" data-hspacer=\"no_spacer\" data-halign=\"left\" style=\"text-align:left\"><div class=\"porto-u-sub-heading\" style=\"color: #3e3e3e;\">Verwaltung<\/div><\/div>\r\n\t<div class=\"wpb_text_column wpb_content_element  vc_custom_1737977121253 wpb_custom_7c91d232724f73626cc933bd95b25ff0\" >\r\n\t\t<div class=\"wpb_wrapper\">\r\n\t\t\t<p>Bei iParcs dreht sich alles um die optimale Verwaltung von Wohnanlagen. Unser Team \u00fcbernimmt die vollst\u00e4ndige Betreuung, von der Instandhaltung bis zur Verwaltung von Einrichtungen, alles aus einem zentralen Unternehmensb\u00fcro. Dieser integrierte Ansatz sorgt f\u00fcr Effizienz und gleichbleibend hohe Servicequalit\u00e4t.<\/p>\n<p>Der Verwaltungsprozess beginnt mit einer umfassenden Analyse der spezifischen Bed\u00fcrfnisse der Wohnanlage. Wir erstellen einen detaillierten Verwaltungsplan, basierend auf unserer umfangreichen Erfahrung und tiefgehenden Branchenkenntnis. Dieser Plan umfasst alles, vom t\u00e4glichen Unterhalt und der Reinigung bis hin zur Verwaltung gemeinschaftlicher Einrichtungen und Services.<\/p>\n<p>Die Zusammenarbeit mit zuverl\u00e4ssigen Dienstleistern und Wartungsunternehmen ist ein zentraler Bestandteil unseres Ansatzes. So k\u00f6nnen wir sicherstellen, dass alle Arbeiten nach h\u00f6chsten Standards ausgef\u00fchrt werden und die Bewohner eine angenehme und gut gepflegte Umgebung erleben. Qualit\u00e4t und Zufriedenheit stehen bei iParcs an erster Stelle. Interessiert an den M\u00f6glichkeiten oder haben Sie Fragen? Dann kontaktieren Sie uns bitte.<\/p>\n\r\n\t\t<\/div>\r\n\t<\/div>\r\n<\/div><\/div><\/div><div id=\"verkoop\" class=\"vc_row wpb_row vc_inner row vc_custom_1723542657468\"><div class=\"vc_column_container col-md-12\"><div class=\"wpb_wrapper vc_column-inner\"><div class=\"porto-separator\"><hr class=\"separator-line  vc_custom_1723542686633 align_center solid\" style=\"background-color:#eaeaea;\"><\/div><div class=\"porto-u-heading  wpb_custom_535cd9209ec8aeabfbaab0b72fdb6c47\" data-hspacer=\"no_spacer\" data-halign=\"left\" style=\"text-align:left\"><div class=\"porto-u-sub-heading\" style=\"color: #3e3e3e;\">Verkauf<\/div><\/div>\r\n\t<div class=\"wpb_text_column wpb_content_element  vc_custom_1737977132524 wpb_custom_7c91d232724f73626cc933bd95b25ff0\" >\r\n\t\t<div class=\"wpb_wrapper\">\r\n\t\t\t<p>Bei iParcs dreht sich alles um eine professionelle und sorgf\u00e4ltige Begleitung des Verkaufsprozesses. Vom ersten Wertgutachten bis zur endg\u00fcltigen \u00dcbergabe sorgt unser Team daf\u00fcr, dass jeder Schritt fachkundig durchgef\u00fchrt wird, um die bestm\u00f6glichen Verkaufsergebnisse zu erzielen.<\/p>\n<p>Der Prozess beginnt mit einer detaillierten Wertbestimmung, bei der wir Marktanalysen und unser umfangreiches Wissen im Immobiliensektor einsetzen. Auf Basis dieser Bewertung entwickeln wir ma\u00dfgeschneiderte Marketingstrategien, die die St\u00e4rken der Immobilie(n) hervorheben und darauf abzielen, potenzielle K\u00e4ufer anzusprechen. Dies umfasst professionelle Fotografie, Online-Anzeigen und die Organisation von Besichtigungen.<\/p>\n<p>Unser Ansatz beinhaltet auch die Zusammenarbeit mit erfahrenen Maklern und Verkaufsexperten, um einen reibungslosen und effektiven Verkauf zu gew\u00e4hrleisten. Durch pr\u00e4zise Kommunikation und eine proaktive Vorgehensweise sorgen wir daf\u00fcr, dass der Verkaufsprozess glatt verl\u00e4uft und m\u00f6gliche Hindernisse schnell gel\u00f6st werden.<\/p>\n<p>Bei iParcs steht die Kundenzufriedenheit im Mittelpunkt. Wir streben einen erfolgreichen Verkauf und den besten Preis f\u00fcr die Immobilie an. F\u00fcr weitere Informationen oder um den Verkauf einer Immobilie zu besprechen, k\u00f6nnen Sie sich an unser Team wenden. Wir stehen bereit, um zu helfen und ma\u00dfgeschneiderte Beratung zu geben.<\/p>\n\r\n\t\t<\/div>\r\n\t<\/div>\r\n<\/div><\/div><\/div><div id=\"verhuur\" class=\"vc_row wpb_row vc_inner row vc_custom_1723542661671\"><div class=\"vc_column_container col-md-12\"><div class=\"wpb_wrapper vc_column-inner\"><div class=\"porto-separator\"><hr class=\"separator-line  vc_custom_1723542683274 align_center solid\" style=\"background-color:#eaeaea;\"><\/div><div class=\"porto-u-heading  wpb_custom_535cd9209ec8aeabfbaab0b72fdb6c47\" data-hspacer=\"no_spacer\" data-halign=\"left\" style=\"text-align:left\"><div class=\"porto-u-sub-heading\" style=\"color: #3e3e3e;\">Vermietung<\/div><\/div>\r\n\t<div class=\"wpb_text_column wpb_content_element  vc_custom_1737977144771 wpb_custom_7c91d232724f73626cc933bd95b25ff0\" >\r\n\t\t<div class=\"wpb_wrapper\">\r\n\t\t\t<p>Bei iParcs liegt der Schwerpunkt auf umfassender Unterst\u00fctzung bei der Vermietung aller Arten von Wohnraum. Ganz gleich, ob es sich um tempor\u00e4re oder permanente Wohnungen handelt, unser Team sorgt f\u00fcr eine nahtlose Durchf\u00fchrung des gesamten Vermietungsprozesses. Vom Erstellen der Mietvertr\u00e4ge bis zur Verwaltung des Mieteinzugs \u00fcbernehmen wir alle Aufgaben, um eine effiziente Vermietung zu gew\u00e4hrleisten.<\/p>\n<p>Unsere Dienstleistungen umfassen die Erstellung und Verwaltung klarer, rechtlich einwandfreier Mietvertr\u00e4ge sowie die sorgf\u00e4ltige Abwicklung von Mietzahlungen. Wir sorgen daf\u00fcr, dass alle administrativen und finanziellen Aspekte der Vermietung reibungslos ablaufen, sodass Vermieter sich um diese Aufgaben keine Sorgen machen m\u00fcssen.<\/p>\n<p>Dar\u00fcber hinaus legen wir gro\u00dfen Wert auf die Betreuung der Mieter. Unser Team steht bereit, um Mieter bei Fragen und Problemen zu unterst\u00fctzen und sorgt f\u00fcr eine reibungslose Kommunikation zwischen Vermieter und Mieter. F\u00fcr weitere Informationen \u00fcber unsere Vermietungsdienstleistungen oder zur Zusammenarbeit k\u00f6nnen Sie sich an unser Team wenden. Wir bieten gerne ma\u00dfgeschneiderte Beratung und Unterst\u00fctzung an.<\/p>\n\r\n\t\t<\/div>\r\n\t<\/div>\r\n<\/div><\/div><\/div><div id=\"marketing\" class=\"vc_row wpb_row vc_inner row vc_custom_1723542665351\"><div class=\"vc_column_container col-md-12\"><div class=\"wpb_wrapper vc_column-inner\"><div class=\"porto-separator\"><hr class=\"separator-line  vc_custom_1723542678798 align_center solid\" style=\"background-color:#eaeaea;\"><\/div><div class=\"porto-u-heading  wpb_custom_535cd9209ec8aeabfbaab0b72fdb6c47\" data-hspacer=\"no_spacer\" data-halign=\"left\" style=\"text-align:left\"><div class=\"porto-u-sub-heading\" style=\"color: #3e3e3e;\">Marketing<\/div><\/div>\r\n\t<div class=\"wpb_text_column wpb_content_element  vc_custom_1737977157603 wpb_custom_7c91d232724f73626cc933bd95b25ff0\" >\r\n\t\t<div class=\"wpb_wrapper\">\r\n\t\t\t<p>Bei iParcs konzentrieren wir uns darauf, wirkungsvolle Marketingkampagnen zu erstellen, die Projekte auf die bestm\u00f6gliche Weise bei potenziellen K\u00e4ufern und Mietern pr\u00e4sentieren. Wir entwickeln ma\u00dfgeschneiderte Strategien, die speziell auf die Eigenschaften jedes Projekts und die W\u00fcnsche der Zielgruppe abgestimmt sind.<\/p>\n<p>Unser Ansatz beginnt mit einer gr\u00fcndlichen Analyse des Marktes und der Zielgruppe, um zu verstehen, welche Marketingma\u00dfnahmen am effektivsten sind. Wir setzen verschiedene Mittel ein, wie professionelle Fotografie, ansprechende Online-Anzeigen, Social-Media-Kampagnen und gezielte Printaktionen. Diese integrierte Strategie sorgt daf\u00fcr, dass das Projekt maximale Sichtbarkeit erh\u00e4lt und die richtigen Menschen erreicht.<\/p>\n<p>Wir \u00fcberwachen die Ergebnisse unserer Kampagnen genau und passen die Strategien bei Bedarf an, um das bestm\u00f6gliche Ergebnis zu erzielen. Unser Ziel ist es, jede Chance zu nutzen und einen starken Eindruck bei potenziellen Kunden zu hinterlassen. F\u00fcr weitere Informationen dar\u00fcber, wie unsere Marketingdienstleistungen zum Erfolg eines Projekts beitragen k\u00f6nnen, wenden Sie sich bitte an unser Team. Wir stehen bereit, um Beratung und Unterst\u00fctzung anzubieten.<\/p>\n\r\n\t\t<\/div>\r\n\t<\/div>\r\n<\/div><\/div><\/div><div id=\"advies\" class=\"vc_row wpb_row vc_inner row vc_custom_1722938292167\"><div class=\"vc_column_container col-md-12\"><div class=\"wpb_wrapper vc_column-inner\"><div class=\"porto-separator\"><hr class=\"separator-line  vc_custom_1723542675248 align_center solid\" style=\"background-color:#eaeaea;\"><\/div><div class=\"porto-u-heading  wpb_custom_535cd9209ec8aeabfbaab0b72fdb6c47\" data-hspacer=\"no_spacer\" data-halign=\"left\" style=\"text-align:left\"><div class=\"porto-u-sub-heading\" style=\"color: #3e3e3e;\">Beratung<\/div><\/div>\r\n\t<div class=\"wpb_text_column wpb_content_element  vc_custom_1737977168907 wpb_custom_7c91d232724f73626cc933bd95b25ff0\" >\r\n\t\t<div class=\"wpb_wrapper\">\r\n\t\t\t<p>Bei iParcs bietet das Team fachkundige Beratung in allen Bereichen der Immobilienwirtschaft. Ob rechtliche Beratung, Finanzplanung oder strategische Immobilienberatung \u2013 wir liefern Erkenntnisse, die dabei helfen, fundierte Entscheidungen zu treffen und Immobilienstrategien zu optimieren. Unsere rechtliche Beratung deckt alles von Vertr\u00e4gen bis zur Einhaltung von Vorschriften ab, sodass jede Immobilientransaktion und -aktivit\u00e4t gut fundiert und rechtsg\u00fcltig ist.<\/p>\n<p>Im finanziellen Bereich unterst\u00fctzen wir bei der Planung und Bewertung der wirtschaftlichen Machbarkeit von Projekten, mit dem Ziel, die besten Investitions- und Renditestrategien zu entwickeln. Dar\u00fcber hinaus bieten wir strategische Immobilienberatung, indem wir Markttrends und Chancen analysieren, sodass Kunden strategische Entscheidungen treffen k\u00f6nnen, die zum Erfolg ihres Immobilienportfolios beitragen. F\u00fcr individuelle Beratung und Unterst\u00fctzung k\u00f6nnen Sie sich an unser Team wenden. Wir stehen bereit, um zu beraten und zu begleiten.<\/p>\n\r\n\t\t<\/div>\r\n\t<\/div>\r\n<\/div><\/div><\/div><\/div><\/div><div class=\"vc_column_container col-md-3 vc_custom_1722935966394\"><div class=\"vc_column-inner\" data-plugin-sticky data-plugin-options=\"{&quot;containerSelector&quot;:&quot;.vc_row&quot;,&quot;minWidth&quot;:767,&quot;padding&quot;:{&quot;top&quot;:110,&quot;bottom&quot;:0},&quot;activeClass&quot;:&quot;sticky-active&quot;}\"><div class=\"wpb_wrapper\"><div class=\"vc_row wpb_row vc_inner row\"><div class=\"akbt vc_column_container col-md-12\"><div class=\"wpb_wrapper vc_column-inner\">\r\n\t<div class=\"wpb_text_column wpb_content_element  anchor wpb_custom_7c91d232724f73626cc933bd95b25ff0\" >\r\n\t\t<div class=\"wpb_wrapper\">\r\n\t\t\t<p><strong>Onze diensten:<\/strong><\/p>\n<p><a href=\"https:\/\/www.iparcs.com\/de\/diensten\/#ontwikkelen\">Entwicklung<\/a><br \/>\n<a href=\"https:\/\/www.iparcs.com\/de\/diensten\/#beheer\">Verwaltung<\/a><br \/>\n<a href=\"https:\/\/www.iparcs.com\/de\/diensten\/#verkoop\">Verkauf<\/a><br \/>\n<a href=\"https:\/\/www.iparcs.com\/de\/diensten\/#verhuur\">Vermietung<\/a><br \/>\n<a href=\"https:\/\/www.iparcs.com\/de\/diensten\/#marketing\">Marketing<\/a><br \/>\n<a href=\"https:\/\/www.iparcs.com\/de\/diensten\/#advies\">Beratung<\/a><\/p>\n\r\n\t\t<\/div>\r\n\t<\/div>\r\n<\/div><\/div><\/div><\/div><\/div><\/div><\/div><\/div><\/div><div class=\"vc_row wpb_row top-row vc_custom_1721981668881 porto-inner-container\"><div class=\"porto-wrap-container container\"><div class=\"row align-items-center\"><div class=\"vc_column_container col-md-6\"><div class=\"wpb_wrapper vc_column-inner\"><div class=\"porto-u-heading  wpb_custom_535cd9209ec8aeabfbaab0b72fdb6c47\" data-hspacer=\"no_spacer\" data-halign=\"left\" style=\"text-align:left\"><div class=\"porto-u-sub-heading\" style=\"color: #3e3e3e;\">H\u00e4ufig gestellte Fragen<\/div><\/div>\r\n\t<div class=\"wpb_text_column wpb_content_element  vc_custom_1737978088166 wpb_custom_7c91d232724f73626cc933bd95b25ff0\" >\r\n\t\t<div class=\"wpb_wrapper\">\r\n\t\t\t<p>Hier sind einige h\u00e4ufig gestellte Fragen, die uns gestellt werden. Sollten Sie dennoch eine Frage haben oder sich mit uns austauschen wollen, nehmen Sie in diesem Fall bitte <a href=\"https:\/\/www.iparcs.com\/de\/contact\/\">kontakt<\/a> mit uns auf. Das Team von iParcs steht bereit, um Ihnen weiterzuhelfen.<\/p>\n\r\n\t\t<\/div>\r\n\t<\/div>\r\n<\/div><\/div><div class=\"vc_column_container col-md-6 vc_custom_1721984352670\"><div class=\"wpb_wrapper vc_column-inner\"><section class=\"toggle\"><label>Was macht den Ansatz von iParcs einzigartig?<\/label><div class=\"toggle-content\"><p>Was iParcs einzigartig macht, ist unser integrierter Ansatz aus einer zentralen Organisation heraus. Dies sorgt f\u00fcr einen effizienten und nahtlosen Service, bei dem alle Aspekte von Verwaltung und Vermietung von einem einzigen Team koordiniert werden, was die Kommunikation und Umsetzung deutlich verbessert.<\/p>\n<\/div><\/section><section class=\"toggle\"><label>Wie l\u00e4uft der Prozess mit iParcs f\u00fcr ein neues Projekt ab?<\/label><div class=\"toggle-content\"><p>Der Prozess beginnt mit einem unverbindlichen Beratungsgespr\u00e4ch, in dem wir W\u00fcnsche und Bed\u00fcrfnisse besprechen. Anschlie\u00dfend entwickeln wir ein Konzept und erstellen einen detaillierten Plan. Wir begleiten Sie durch jede Phase \u2013 vom Entwurf und der Planung bis hin zu Bau und Nachbetreuung \u2013, um sicherzustellen, dass das Projekt zu Ihrer Zufriedenheit abgeschlossen wird.<\/p>\n<\/div><\/section><section class=\"toggle\"><label>Wie geht iParcs mit rechtlichen und Genehmigungsfragen um?<\/label><div class=\"toggle-content\"><p>Bei iParcs haben wir ein Expertenteam, das auf rechtliche Beratung und Genehmigungsmanagement spezialisiert ist. Wir stellen sicher, dass alle Projekte den lokalen Vorschriften und Gesetzen entsprechen, und begleiten Sie durch den gesamten Prozess \u2013 von der Beantragung der Genehmigungen bis zur Einhaltung der Bauvorschriften.<\/p>\n<\/div><\/section><section class=\"toggle\"><label>Welche Arten von Projekten kann iParcs entwickeln?<\/label><div class=\"toggle-content\"><p>iParcs entwickelt ein breites Spektrum an Projekten \u2013 von dauerhaften Wohnkomplexen bis hin zu tempor\u00e4ren Unterk\u00fcnften. Unsere Erfahrung und Expertise erm\u00f6glichen es uns, jedes Projekt erfolgreich umzusetzen. Neugierig, ob wir auch Ihnen helfen k\u00f6nnen? Kontaktieren Sie uns gerne.<\/p>\n<\/div><\/section><section class=\"toggle\"><label>Bietet iParcs Unterst\u00fctzung bei der Finanzierung?<\/label><div class=\"toggle-content\"><p>Ja, iParcs kann Sie bei der Finanzierung Ihrer Projekte unterst\u00fctzen. Wir beraten Sie zu Finanzierungsm\u00f6glichkeiten, helfen bei der Erstellung von Businesspl\u00e4nen und stellen den Kontakt zu Finanzinstituten und Investoren her, die an Ihrem Projekt interessiert sind.<\/p>\n<p>Bei Fragen oder f\u00fcr weitere Informationen k\u00f6nnen Sie sich gerne an unser Team wenden. Wir helfen Ihnen gerne weiter.<\/p>\n<\/div><\/section><\/div><\/div><\/div><\/div><\/div>","protected":false},"excerpt":{"rendered":"Over onze dienstenWat iParcs kan betekenen iParcs biedt een breed scala aan diensten die volledig zijn afgestemd op de behoeften van eigenaren en bewoners in de woningsector. Onze klantgerichte aanpak en innovatieve oplossingen maken ons de ideale partner voor het beheer en de verhuur van zowel permanente als tijdelijke huisvesting. Wat ons uniek maakt, is [...]","protected":false},"author":3,"featured_media":0,"parent":0,"menu_order":0,"comment_status":"closed","ping_status":"closed","template":"","meta":{"footnotes":""},"class_list":["post-3696","page","type-page","status-publish","hentry"],"_links":{"self":[{"href":"https:\/\/www.iparcs.com\/de\/wp-json\/wp\/v2\/pages\/3696","targetHints":{"allow":["GET"]}}],"collection":[{"href":"https:\/\/www.iparcs.com\/de\/wp-json\/wp\/v2\/pages"}],"about":[{"href":"https:\/\/www.iparcs.com\/de\/wp-json\/wp\/v2\/types\/page"}],"author":[{"embeddable":true,"href":"https:\/\/www.iparcs.com\/de\/wp-json\/wp\/v2\/users\/3"}],"replies":[{"embeddable":true,"href":"https:\/\/www.iparcs.com\/de\/wp-json\/wp\/v2\/comments?post=3696"}],"version-history":[{"count":64,"href":"https:\/\/www.iparcs.com\/de\/wp-json\/wp\/v2\/pages\/3696\/revisions"}],"predecessor-version":[{"id":6222,"href":"https:\/\/www.iparcs.com\/de\/wp-json\/wp\/v2\/pages\/3696\/revisions\/6222"}],"wp:attachment":[{"href":"https:\/\/www.iparcs.com\/de\/wp-json\/wp\/v2\/media?parent=3696"}],"curies":[{"name":"wp","href":"https:\/\/api.w.org\/{rel}","templated":true}]}}